{"id":50,"date":"2013-05-05T15:58:11","date_gmt":"2013-05-05T13:58:11","guid":{"rendered":"http:\/\/grazussuo.com\/?page_id=50"},"modified":"2014-08-14T21:27:37","modified_gmt":"2014-08-14T19:27:37","slug":"apie","status":"publish","type":"page","link":"https:\/\/grazussuo.com\/","title":{"rendered":"APIE MUS"},"content":{"rendered":"<p style=\"text-align: left;\">\n<p><em>M\u016bs\u0173 ambicijos ir u\u017esispyrimas neleid\u017eia darbo atlikti nekokybi\u0161kai, taip siekiame,<\/em><\/p>\n<p><em id=\"__mceDel\"> kad klientas visuomet b\u016bt\u0173 maloniai aptarnautas ir b\u016bt\u0173 patenkintas atlikto darbo kokybe.<\/em><\/p>\n<p><em>J\u016bs\u0173 \u0161unelis bus visuomet gra\u017eus ir tvarkingas, nes pagrindinis m\u016bs\u0173 klientas ir yra J\u016bs\u0173 i\u0161tikimas gyvenimo draugas.<\/em><\/p>\n<p><em>Laiku pri\u017ei\u016brint \u0161unel\u012f jis pats jausis gerai ir bus malonesnis savo \u0161eimininkui, pastoviai kerpant, maudant ir \u0161ukuojant \u017eymiai grei\u010diau jis bus aptarnautas per sekan\u010dius apsilankymus.<\/em><\/p>\n","protected":false},"excerpt":{"rendered":"<p>M\u016bs\u0173 ambicijos ir u\u017esispyrimas neleid\u017eia darbo atlikti nekokybi\u0161kai, taip siekiame, kad klientas visuomet b\u016bt\u0173 maloniai aptarnautas ir b\u016bt\u0173 patenkintas atlikto darbo kokybe. J\u016bs\u0173 \u0161unelis bus visuomet gra\u017eus ir tvarkingas, nes &hellip; <a class=\"readmore\" href=\"https:\/\/grazussuo.com\/\">Continue Reading &rarr;<\/a><\/p>\n","protected":false},"author":1,"featured_media":0,"parent":0,"menu_order":0,"comment_status":"closed","ping_status":"closed","template":"","meta":{"ngg_post_thumbnail":0},"_links":{"self":[{"href":"https:\/\/grazussuo.com\/index.php?rest_route=\/wp\/v2\/pages\/50"}],"collection":[{"href":"https:\/\/grazussuo.com\/index.php?rest_route=\/wp\/v2\/pages"}],"about":[{"href":"https:\/\/grazussuo.com\/index.php?rest_route=\/wp\/v2\/types\/page"}],"author":[{"embeddable":true,"href":"https:\/\/grazussuo.com\/index.php?rest_route=\/wp\/v2\/users\/1"}],"replies":[{"embeddable":true,"href":"https:\/\/grazussuo.com\/index.php?rest_route=%2Fwp%2Fv2%2Fcomments&post=50"}],"version-history":[{"count":18,"href":"https:\/\/grazussuo.com\/index.php?rest_route=\/wp\/v2\/pages\/50\/revisions"}],"predecessor-version":[{"id":61,"href":"https:\/\/grazussuo.com\/index.php?rest_route=\/wp\/v2\/pages\/50\/revisions\/61"}],"wp:attachment":[{"href":"https:\/\/grazussuo.com\/index.php?rest_route=%2Fwp%2Fv2%2Fmedia&parent=50"}],"curies":[{"name":"wp","href":"https:\/\/api.w.org\/{rel}","templated":true}]}}