{"id":55,"date":"2013-05-05T16:00:54","date_gmt":"2013-05-05T14:00:54","guid":{"rendered":"http:\/\/grazussuo.com\/?page_id=55"},"modified":"2013-05-05T16:03:46","modified_gmt":"2013-05-05T14:03:46","slug":"paslaugos-2","status":"publish","type":"page","link":"https:\/\/grazussuo.com\/?page_id=55","title":{"rendered":"PASLAUGOS"},"content":{"rendered":"<p><strong>1. Kirpimas \u017eirkl\u0117mis, kirpimo ma\u0161in\u0117le<\/strong><\/p>\n<p><strong><\/strong>Priklausomai nuo \u0161unelio veisl\u0117s atliekamas kirpimas pagal nustatyt\u0105 tvark\u0105 ir stili\u0173. (klasikinis, sportinis \u2026.)<\/p>\n<p><strong>2. Trimingavimas<\/strong><br \/>\nTam tikros \u0161uneli\u0173 veisl\u0117s yra nekerpamos, o triminguojamos (pe\u0161amos).<\/p>\n<p><strong>3. Maudymas<\/strong><\/p>\n<p><strong><\/strong>\u0160uneliai maudomi su profesionaliais \u0161amp\u016bnais ir kondicionieriais. Jei \u0161unelio oda jautresn\u0117 naudojamas specialus \u0161amp\u016bnas.<\/p>\n<p><strong>4. \u0160ukavimas<\/strong><\/p>\n<p><strong><\/strong>Priklausomai nuo gyv\u016bn\u0117lio kailio \u0161ukuojama skirtingomis \u0161ukomis-\u0161epe\u010diais.<\/p>\n<p><em id=\"__mceDel\"><em id=\"__mceDel\"> <strong>5. Valome ausis<\/strong><\/em><\/em><\/p>\n<p><strong><em id=\"__mceDel\"> 6. Kerpame nagus<\/em><\/strong><\/p>\n","protected":false},"excerpt":{"rendered":"<p>1. Kirpimas \u017eirkl\u0117mis, kirpimo ma\u0161in\u0117le Priklausomai nuo \u0161unelio veisl\u0117s atliekamas kirpimas pagal nustatyt\u0105 tvark\u0105 ir stili\u0173. (klasikinis, sportinis \u2026.) 2. Trimingavimas Tam tikros \u0161uneli\u0173 veisl\u0117s yra nekerpamos, o triminguojamos (pe\u0161amos). &hellip; <a class=\"readmore\" href=\"https:\/\/grazussuo.com\/?page_id=55\">Continue Reading &rarr;<\/a><\/p>\n","protected":false},"author":1,"featured_media":0,"parent":0,"menu_order":0,"comment_status":"closed","ping_status":"closed","template":"","meta":{"ngg_post_thumbnail":0},"_links":{"self":[{"href":"https:\/\/grazussuo.com\/index.php?rest_route=\/wp\/v2\/pages\/55"}],"collection":[{"href":"https:\/\/grazussuo.com\/index.php?rest_route=\/wp\/v2\/pages"}],"about":[{"href":"https:\/\/grazussuo.com\/index.php?rest_route=\/wp\/v2\/types\/page"}],"author":[{"embeddable":true,"href":"https:\/\/grazussuo.com\/index.php?rest_route=\/wp\/v2\/users\/1"}],"replies":[{"embeddable":true,"href":"https:\/\/grazussuo.com\/index.php?rest_route=%2Fwp%2Fv2%2Fcomments&post=55"}],"version-history":[{"count":2,"href":"https:\/\/grazussuo.com\/index.php?rest_route=\/wp\/v2\/pages\/55\/revisions"}],"predecessor-version":[{"id":59,"href":"https:\/\/grazussuo.com\/index.php?rest_route=\/wp\/v2\/pages\/55\/revisions\/59"}],"wp:attachment":[{"href":"https:\/\/grazussuo.com\/index.php?rest_route=%2Fwp%2Fv2%2Fmedia&parent=55"}],"curies":[{"name":"wp","href":"https:\/\/api.w.org\/{rel}","templated":true}]}}